{"id":54,"date":"2026-02-04T09:27:34","date_gmt":"2026-02-04T09:27:34","guid":{"rendered":"https:\/\/uentroper-vereine.canine-design.net\/?page_id=54"},"modified":"2026-02-05T11:28:02","modified_gmt":"2026-02-05T11:28:02","slug":"datenschutz","status":"publish","type":"page","link":"https:\/\/uentroper-vereine.canine-design.net\/index.php\/datenschutz\/","title":{"rendered":"Datenschutz"},"content":{"rendered":"\n<h2 class=\"wp-block-heading\">Zu dieser Datenschutzerkl\u00e4rung<\/h2>\n\n\n\n<p>Der Schutz Ihrer Privatsph\u00e4re ist uns ein wichtiges Anliegen. Deshalb m\u00f6chten wir Sie eindringlich bitten, die nachfolgende Zusammenfassung \u00fcber die Funktionsweise unserer Webseite&nbsp;<em><strong>www.uentroper-vereine.de<\/strong><\/em>&nbsp;aufmerksam zu lesen.<\/p>\n\n\n\n<p>Die hier aufgef\u00fchrte Datenschutzerkl\u00e4rung entspricht den Richtlinien der DS-GVO und des BDSG. Sie soll \u00fcber die Art, den Zweck und die Verwendung personenbezogener Daten durch die&nbsp;<em>Gemeinschaft der Uentroper Vereine (im folgenden mit GUV abgek\u00fcrzt)<\/em>&nbsp;informieren.<\/p>\n\n\n\n<p>Gleichwohl unsere Seite mit verschieden Sicherheitsvorkehrungen ausgestattet ist, kann kein vollst\u00e4ndiger Schutz Ihrer Daten gew\u00e4hrleistet werden, da Sicherheitsl\u00fccken im Internet nicht ausgeschlossen werden k\u00f6nnen. Sollten Sie Anliegen bzgl. der Erhebung Ihrer Daten haben, finden Sie in unserem <a href=\"https:\/\/uentroper-vereine.canine-design.net\/index.php\/impressum\/\" data-type=\"page\" data-id=\"53\">Impressum<\/a> die entsprechenden Kontaktdaten unserer Ansprechpartner.<\/p>\n\n\n\n<hr class=\"wp-block-separator has-alpha-channel-opacity\"\/>\n\n\n\n<h3 class=\"wp-block-heading\">SSL-Verschl\u00fcsselung (HTTPS-Protokoll)<\/h3>\n\n\n\n<p>Um Ihre \u00fcbermittelten Daten bestm\u00f6glich zu sch\u00fctzen, nutzt die GUV eine SSL-Verschl\u00fcsselung. Sie erkennen derart verschl\u00fcsselte Verbindungen an dem Pr\u00e4fix&nbsp;<strong>\u201chttps:\/\/\u201c<\/strong>&nbsp;im Seitenlink in der Adresszeile Ihres Browsers. Unverschl\u00fcsselte Seiten sind durch&nbsp;<em>\u201ehttp:\/\/\u201c<\/em>&nbsp;gekennzeichnet.<br><br>S\u00e4mtliche Daten, welche Sie an diese Website \u00fcbermitteln \u2013 etwa bei Anfragen oder Logins \u2013 k\u00f6nnen dank SSL-Verschl\u00fcsselung nicht von Dritten gelesen werden.<\/p>\n\n\n\n<hr class=\"wp-block-separator has-alpha-channel-opacity\"\/>\n\n\n\n<h3 class=\"wp-block-heading\">Personenbezogene Daten<\/h3>\n\n\n\n<p>Die Funktion und die Kommunikation unseres Services sind auf die Daten unserer Nutzer angewiesen. Dabei sind personenbezogene Daten besonders sensibel \u2013 damit sind alle Informationen gemeint, welche sich eindeutig auf eine bestimmte, nat\u00fcrliche Person zur\u00fcckf\u00fchren lassen. Laut DS-GVO besteht f\u00fcr uns die Verpflichtung, den gesamten Umfang aller derartigen Daten aufzulisten.<\/p>\n\n\n\n<p>Durch die Nutzung unserer Seite werden folgende personenbezogene Daten nach DS-GVO erhoben:<\/p>\n\n\n\n<ul class=\"wp-block-list\">\n<li>Vor- und Zuname<\/li>\n\n\n\n<li>Anschrift<\/li>\n\n\n\n<li>Geburtsdatum<\/li>\n\n\n\n<li>E-Mail-Adresse<\/li>\n<\/ul>\n\n\n\n<p>Diese Daten fallen an, wenn Sie folgende Funktionen benutzen:<\/p>\n\n\n\n<ul class=\"wp-block-list\">\n<li>Kommentarfunktion (z.Zt. nicht aktiv)<\/li>\n\n\n\n<li>Kontaktformular (z.Zt. nicht aktiv)<\/li>\n<\/ul>\n\n\n\n<p>Wir versichern, dass diese Daten ausschlie\u00dflich dem Funktionieren, der statistischen Auswertung und der Verbesserung unseres Angebotes dienen. Laut geltenden Vorschriften werden diese Daten nur f\u00fcr die Zeit erhoben, in der Sie unseren Service nutzen. Die gesetzlich geltenden L\u00f6schvorschriften werden eingehalten.<\/p>\n\n\n\n<hr class=\"wp-block-separator has-alpha-channel-opacity\"\/>\n\n\n\n<h3 class=\"wp-block-heading\">Medien: Fotos, Print-, Tele- und elektronische Medien<\/h3>\n\n\n\n<p>Im Zusammenhang mit \u00f6ffentlichen Veranstaltungen der Mitgliedsvereine der GUV werden Fotos von Besuchern, Aktueren, Helfern und G\u00e4sten auf der jeweiligen Vereins-Homepage ver\u00f6ffentlicht.<\/p>\n\n\n\n<p>Besucher, Aktuere, G\u00e4ste bzw. die Eltern von Kindern unserer Veranstaltungen k\u00f6nnen jederzeit gegen\u00fcber den Gremien \/ den Ansprechpartnern der Ver\u00f6ffentlichung von Einzelfotos seiner Person \/ Kinder widersprechen. Ab Zugang des Widerspruchs unterbleibt die Ver\u00f6ffentlichung \/ \u00dcbermittlung und der jeweilige Mitglieds-Verein entfernt vorhandene Fotos von seiner Homepage.<\/p>\n\n\n\n<p>Details entnehmen Sie bitte der eigenen Datenschutzerkl\u00e4rung auf der Homepage des jeweiligen Vereins. Dies gilt ebenso f\u00fcr Fotos unseres Vereinsarchivs. Die GUV selbst in ihrer Rolle als Gemeinschaftsorganisation ver\u00f6ffentlicht keine eigenen Fotos.<\/p>\n\n\n\n<hr class=\"wp-block-separator has-alpha-channel-opacity\"\/>\n\n\n\n<h3 class=\"wp-block-heading\">Wie wir Daten erheben<\/h3>\n\n\n\n<ul class=\"wp-block-list\">\n<li><strong>1. Log-Dateien<\/strong><\/li>\n<\/ul>\n\n\n\n<p>Eine Logdatei wird im Zuge eines automatischen Protokolls des verarbeitenden Computersystems erstellt. Das bedeutet, dass Informationen Ihres verwendeten Endger\u00e4tes als Logfiles auf einem Server festgehalten werden.<\/p>\n\n\n\n<p>Auch wir f\u00fchren eine Log-Dateienanalyse durch. Wir als Seitenprovider\/ unser Seitenprovider protokolliert dabei:<\/p>\n\n\n\n<ul class=\"wp-block-list\">\n<li>Zugriff auf die Seite: Datum, Uhrzeit, H\u00e4ufigkeit<\/li>\n\n\n\n<li>Wie Sie auf die Seite gelangt sind (vorherige Seite, Hyperlink etc.)<\/li>\n\n\n\n<li>Menge der gesendeten Daten<\/li>\n\n\n\n<li>Welchen Browser und welche Version desselben Sie verwenden<\/li>\n\n\n\n<li>Ihre IP-Adresse<\/li>\n<\/ul>\n\n\n\n<p>Auch hier dienen die erhobenen Daten lediglich der Verbesserung unseres Angebotes. Wir d\u00fcrfen \/ der Betreiber darf Server-Logfiles nur dann l\u00e4nger speichern, herausgeben oder nachtr\u00e4glich auf diese zugreifen, wenn dies im rechtlichen Rahmen gestattet ist (z.B. bei Verdacht auf rechtswidrige Aktivit\u00e4ten).<\/p>\n\n\n\n<ul class=\"wp-block-list\">\n<li><strong>2. Cookies<\/strong><\/li>\n<\/ul>\n\n\n\n<p>Diese Webseite verwendet Cookies. Dies sind kleine Textdateien, welche in Ihrem Browserverlauf platziert werden und durch welche bei Ihrem n\u00e4chsten Besuch bereits get\u00e4tigte Einstellungen und andere \u00c4nderungen, welche Sie vorgenommen haben, rekonstruiert werden. Durch Cookies k\u00f6nnen wir unseren Dienst personalisieren und benutzerfreundlicher gestalten.<\/p>\n\n\n\n<p>Sie haben die M\u00f6glichkeit, das Setzen von Cookies zu blockieren und bereits gesetzte Cookies zu l\u00f6schen. In solch einem Fall m\u00fcssen wir Sie darauf hinweisen, dass bestimmte Features auf der Seite nicht mehr oder nur noch eingeschr\u00e4nkt funktionieren.<\/p>\n\n\n\n<ul class=\"wp-block-list\">\n<li><strong>3. Newsletter und Abonnements bzw. Mailinglisten<\/strong><\/li>\n<\/ul>\n\n\n\n<p>Mailinglisten enthalten hinterlegte E-Mail-Adressen unserer Nutzer. Daf\u00fcr werden entsprechende E-Mail-Adressen abgespeichert. Wenn man dies nicht mehr w\u00fcnscht, kann man sich jederzeit aus der Mailingliste austragen. Dire entsprechende E-Mail-Adresse wird dann unverz\u00fcglich aus dem Verteiler gel\u00f6scht<strong>.&nbsp;<\/strong>Zu diesem Zweck wendet man sich bitte an die unter <a href=\"https:\/\/uentroper-vereine.canine-design.net\/index.php\/impressum\/\" data-type=\"page\" data-id=\"53\">Impressum<\/a> angegebenen Kontaktpersonen.<\/p>\n\n\n\n<h3 class=\"wp-block-heading\">+++&nbsp;Die GUV nutzt keine Mailinglisten oder Newsletter!&nbsp;+++<\/h3>\n\n\n\n<hr class=\"wp-block-separator has-alpha-channel-opacity\"\/>\n\n\n\n<h3 class=\"wp-block-heading\">Datenweitergabe an Dritte<\/h3>\n\n\n\n<p>Grunds\u00e4tzlich werden Ihre Daten von uns nicht an Dritte vermittelt. Au\u00dferdem stellen wir durch entsprechende Ma\u00dfnahmen und regelm\u00e4\u00dfige Kontrollen sicher, dass die von uns erhobenen Daten nicht durch Dritte von au\u00dfen eingesehen oder abgegriffen werden k\u00f6nnen.<\/p>\n\n\n\n<hr class=\"wp-block-separator has-alpha-channel-opacity\"\/>\n\n\n\n<h3 class=\"wp-block-heading\">Social Bookmarks<\/h3>\n\n\n\n<p>Auf unserer Webseite bieten wir die M\u00f6glichkeit, \u00fcber externe Links Inhalte auf sozialen Netzwerken oder per Mail zu teilen. Benutzen Sie diese, werden Sie auf die Seiten der Anbieter weiter geleitet und entsprechende Nutzerinformationen weitergegeben.<\/p>\n\n\n\n<p>Wenn Sie w\u00e4hrend der Benutzung unserer Seite auf einem dieser sozialen Netzwerke mit Ihrem Konto angemeldet sind und unsere Inhalte teilen m\u00f6chten, dann werden diese Informationen mit Ihrem jeweiligen Konto verkn\u00fcpft. Wir als Betreiber haben keinen Einfluss auf die Daten, welche durch Plug-Ins an entsprechende Server vermittelt werden. In der Regel wird die IP-Adresse \u00fcbertragen.<\/p>\n\n\n\n<p><em>Weitere Informationen zum Umgang mit Ihren Daten entnehmen Sie bitte der Datenschutzerkl\u00e4rung des jeweiligen Anbieters:<\/em><\/p>\n\n\n\n<p>Facebook:&nbsp;<a href=\"https:\/\/de-de.facebook.com\/policy.php\">&nbsp;https:\/\/de-de.facebook.com\/policy.php<\/a><\/p>\n\n\n\n<p>Twitter:&nbsp;<a href=\"https:\/\/twitter.com\/privacy?lang=de\">&nbsp;https:\/\/twitter.com\/privacy?lang=de<\/a><\/p>\n\n\n\n<p>Google+:&nbsp;<a href=\"https:\/\/www.google.com\/intl\/de\/policies\/privacy\/\">&nbsp;https:\/\/www.google.com\/intl\/de\/policies\/privacy\/<\/a><\/p>\n\n\n\n<p><em>Hier finden Sie Informationen speziell zu den Schaltfl\u00e4chen:<\/em><\/p>\n\n\n\n<p>Facebook:&nbsp;<a href=\"https:\/\/developers.facebook.com\/docs\/plugins\/\">&nbsp;https:\/\/developers.facebook.com\/docs\/plugins\/<\/a><\/p>\n\n\n\n<p>Twitter:&nbsp;<a href=\"https:\/\/twitter.com\/privacy?lang=de\">&nbsp;https:\/\/twitter.com\/privacy?lang=de<\/a><\/p>\n\n\n\n<p>Google+:&nbsp;<a href=\"https:\/\/developers.google.com\/+\/web\/buttons-policy\">&nbsp;https:\/\/developers.google.com\/+\/web\/buttons-policy<\/a><\/p>\n\n\n\n<hr class=\"wp-block-separator has-alpha-channel-opacity\"\/>\n\n\n\n<h3 class=\"wp-block-heading\">Ihre Rechte<\/h3>\n\n\n\n<p>Selbstverst\u00e4ndlich haben Sie in Bezug auf die Erhebung Ihrer Daten Rechte. Laut geltendem Gesetz sind wir dazu verpflichtet, Sie \u00fcber dieselben aufzukl\u00e4ren. Die Inanspruchnahme und Durchf\u00fchrung dieser Rechte ist f\u00fcr Sie kostenlos.<\/p>\n\n\n\n<p><strong>Widerrufsrecht<\/strong><\/p>\n\n\n\n<p>Sie haben das Recht, Ihre Einwilligung bzgl. der Erhebung von Daten jederzeit zu widerrufen. Dieses Recht gilt mit Wirkung f\u00fcr die Zukunft; die bis zur Rechtskraft des Widerrufs erhobenen Daten bleiben hiervon unber\u00fchrt.<\/p>\n\n\n\n<p>Wenden Sie sich bitte an die in unserem <a href=\"https:\/\/uentroper-vereine.canine-design.net\/index.php\/impressum\/\" data-type=\"page\" data-id=\"53\">Impressum<\/a> aufgef\u00fchrten Kontaktpersonen, wenn Sie von Ihrem Widerrufsrecht Gebrauch machen m\u00f6chten.<\/p>\n\n\n\n<p><strong>Recht auf Daten\u00fcbertragbarkeit<\/strong><\/p>\n\n\n\n<p>Sie haben das Recht, eine \u00dcbertragung Ihrer Daten von uns auf eine andere Stelle zu beantragen.<\/p>\n\n\n\n<p><strong>Recht auf Berechtigung, L\u00f6schung oder Sperrung<\/strong><\/p>\n\n\n\n<p>Sie haben das Recht, Ihre Daten berichtigen, l\u00f6schen oder sperren zu lassen. Letzteres kommt zur Anwendung, wenn die gesetzliche Lage eine L\u00f6schung nicht zul\u00e4sst.<\/p>\n\n\n\n<p><strong>Beschwerderecht<\/strong><\/p>\n\n\n\n<p>Sie haben das Recht, sich bei einer Aufsichtsbeh\u00f6rde bzw. einer zust\u00e4ndigen Stelle zu beschweren, insofern Sie einen Grund zur Beanstandung haben sollten. F\u00fcr die Inanspruchnahme dieses Rechts und der zwei vorher genannten wenden Sie sich bitte an die in unserem <a href=\"https:\/\/uentroper-vereine.canine-design.net\/index.php\/impressum\/\" data-type=\"page\" data-id=\"53\">Impressum<\/a> aufgef\u00fchrten Kontaktpersonen.<\/p>\n\n\n\n<hr class=\"wp-block-separator has-alpha-channel-opacity\"\/>\n\n\n\n<h3 class=\"wp-block-heading\">Verantwortlich f\u00fcr die Datenerhebung<\/h3>\n\n\n\n<p>F\u00fcr Fragen, Auskunftsersuche, Antr\u00e4ge, Beschwerden oder Kritik hinsichtlich unseres Datenschutzes k\u00f6nnen Sie sich an die in unserem <a href=\"https:\/\/uentroper-vereine.canine-design.net\/index.php\/impressum\/\" data-type=\"page\" data-id=\"53\">Impressum<\/a> genannten Kontaktpersonen wenden.<\/p>\n\n\n\n<hr class=\"wp-block-separator has-alpha-channel-opacity\"\/>\n\n\n\n<h3 class=\"wp-block-heading\">\u00c4nderung der Datenschutzerkl\u00e4rung<\/h3>\n\n\n\n<p>Wir als Verantwortliche behalten es uns vor, die Datenschutzerkl\u00e4rung jederzeit im Hinblick auf geltende Datenschutzvorschriften zu ver\u00e4ndern. Derzeitiger Stand ist&nbsp;<em>Mai\/2018.<\/em><\/p>\n","protected":false},"excerpt":{"rendered":"<p>Zu dieser Datenschutzerkl\u00e4rung Der Schutz Ihrer Privatsph\u00e4re ist uns ein wichtiges Anliegen. Deshalb m\u00f6chten wir Sie eindringlich bitten, die nachfolgende Zusammenfassung \u00fcber die Funktionsweise unserer Webseite&nbsp;www.uentroper-vereine.de&nbsp;aufmerksam zu lesen. Die hier aufgef\u00fchrte Datenschutzerkl\u00e4rung entspricht den Richtlinien der DS-GVO und des BDSG. Sie soll \u00fcber die Art, den Zweck und die Verwendung personenbezogener Daten durch die&nbsp;Gemeinschaft der [&hellip;]<\/p>\n","protected":false},"author":1,"featured_media":0,"parent":0,"menu_order":0,"comment_status":"closed","ping_status":"closed","template":"","meta":{"saved_in_kubio":true,"footnotes":""},"class_list":["post-54","page","type-page","status-publish","hentry"],"kubio_ai_page_context":{"short_desc":"","purpose":"general"},"jetpack_sharing_enabled":true,"_links":{"self":[{"href":"https:\/\/uentroper-vereine.canine-design.net\/index.php\/wp-json\/wp\/v2\/pages\/54","targetHints":{"allow":["GET"]}}],"collection":[{"href":"https:\/\/uentroper-vereine.canine-design.net\/index.php\/wp-json\/wp\/v2\/pages"}],"about":[{"href":"https:\/\/uentroper-vereine.canine-design.net\/index.php\/wp-json\/wp\/v2\/types\/page"}],"author":[{"embeddable":true,"href":"https:\/\/uentroper-vereine.canine-design.net\/index.php\/wp-json\/wp\/v2\/users\/1"}],"replies":[{"embeddable":true,"href":"https:\/\/uentroper-vereine.canine-design.net\/index.php\/wp-json\/wp\/v2\/comments?post=54"}],"version-history":[{"count":3,"href":"https:\/\/uentroper-vereine.canine-design.net\/index.php\/wp-json\/wp\/v2\/pages\/54\/revisions"}],"predecessor-version":[{"id":212,"href":"https:\/\/uentroper-vereine.canine-design.net\/index.php\/wp-json\/wp\/v2\/pages\/54\/revisions\/212"}],"wp:attachment":[{"href":"https:\/\/uentroper-vereine.canine-design.net\/index.php\/wp-json\/wp\/v2\/media?parent=54"}],"curies":[{"name":"wp","href":"https:\/\/api.w.org\/{rel}","templated":true}]}}