{"id":53,"date":"2026-02-04T09:27:34","date_gmt":"2026-02-04T09:27:34","guid":{"rendered":"https:\/\/uentroper-vereine.canine-design.net\/?page_id=53"},"modified":"2026-02-05T11:26:56","modified_gmt":"2026-02-05T11:26:56","slug":"impressum","status":"publish","type":"page","link":"https:\/\/uentroper-vereine.canine-design.net\/index.php\/impressum\/","title":{"rendered":"Impressum"},"content":{"rendered":"\n<h2 class=\"wp-block-heading\"><strong>Eigent\u00fcmer der Internetpr\u00e4senz<\/strong><\/h2>\n\n\n\n<p>Gemeinschaft Uentroper Vereine<br>Im Giesendahl 15<br>59071 Hamm (Stadtteil Uentrop)<br>guv.uentrop@web.de<\/p>\n\n\n\n<p><strong><strong>Vertretungsberechtigte Personen<\/strong><\/strong><\/p>\n\n\n\n<p>Dirk H\u00fclsmann<br>H\u00fclshoffstra\u00dfe 6<br>59071 Hamm<br>Tel.: +49 (0)2388 &#8211; 1772<\/p>\n\n\n\n<p><strong><strong>Direktlink Ansprechpartner<\/strong><\/strong>: <a href=\"https:\/\/uentroper-vereine.canine-design.net\/index.php\/vorstand\/\" data-type=\"page\" data-id=\"35\">Vorstand<\/a><\/p>\n\n\n\n<p><strong>Verantwortlicher gem\u00e4\u00df \u00a7 55 Abs. 2 RStV<\/strong><\/p>\n\n\n\n<p>Amt z.Zt. vakant<br>E-Mail: guv.uentrop@web.de<\/p>\n\n\n\n<h3 class=\"wp-block-heading\">Inhalt der Internetpr\u00e4senz\/Haftungsbeschr\u00e4nkung<\/h3>\n\n\n\n<p>Die Inhalte dieser Website werden mit gr\u00f6\u00dftm\u00f6glicher Sorgfalt erstellt. Die Gemeinschaft der Uentroper Vereine (im Folgenden GUV genannt), \u00fcbernimmt keinerlei Gew\u00e4hr f\u00fcr die Aktualit\u00e4t, Vollst\u00e4ndigkeit oder Qualit\u00e4t der bereitgestellten Informationen. Die Nutzung der Inhalte der Website erfolgt auf eigene Gefahr des Nutzers. Namentlich gekennzeichnete Beitr\u00e4ge geben die Meinung des jeweiligen Autors und nicht immer die Meinung der GUV wieder. Mit der reinen Nutzung der Website des Vereins kommt keinerlei Vertragsverh\u00e4ltnis zwischen dem Nutzer und der GUV zustande.<\/p>\n\n\n\n<p>Haftungsanspr\u00fcche gegen die GUV, welche sich auf Sch\u00e4den materieller oder ideeller Art beziehen, die durch die Nutzung der dargebotenen Informationen bzw. durch die Nutzung fehlerhafter und unvollst\u00e4ndiger Informationen verursacht wurden, sind grunds\u00e4tzlich ausgeschlossen.<br><br>Alle Angebote sind freibleibend und unverbindlich. Die GUV beh\u00e4lt es sich ausdr\u00fccklich vor, Teile der Seiten oder das gesamte Angebot ohne gesonderte Ank\u00fcndigung zu ver\u00e4ndern.<\/p>\n\n\n\n<h3 class=\"wp-block-heading\">Urheberrecht<\/h3>\n\n\n\n<p>Die auf dieser Website ver\u00f6ffentlichten Inhalte unterliegen dem deutschen Urheber- und Leistungsschutzrecht. Jede vom deutschen Urheber- und Leistungsschutzrecht nicht zugelassene Verwertung bedarf der vorherigen schriftlichen Zustimmung der GUV oder des jeweiligen Rechteinhabers. Dies gilt insbesondere f\u00fcr Vervielf\u00e4ltigung, Bearbeitung, \u00dcbersetzung, Einspeicherung, Verarbeitung bzw. Wiedergabe von Inhalten in Datenbanken oder anderen elektronischen Medien und Systemen. Inhalte und Rechte Dritter sind dabei als solche gekennzeichnet. Die unerlaubte Vervielf\u00e4ltigung oder Weitergabe einzelner Inhalte oder kompletter Seiten ist nicht gestattet und strafbar. Lediglich die Herstellung von Kopien und Downloads f\u00fcr den pers\u00f6nlichen, privaten und nicht kommerziellen Gebrauch ist erlaubt.<\/p>\n\n\n\n<p>Die GUV ist bestrebt, die Urheberrechte der verwendeten Grafiken zu beachten, selbst erstellte Grafiken zu nutzen oder auf lizenzfreie Grafiken zur\u00fcckzugreifen. Alle innerhalb des Internetangebotes genannten und ggf. durch Dritte gesch\u00fctzten Marken- und Warenzeichen unterliegen uneingeschr\u00e4nkt den Bestimmungen des jeweils g\u00fcltigen Kennzeichenrechts und den Besitzrechten der jeweiligen eingetragenen Eigent\u00fcmer. Allein aufgrund der blo\u00dfen Nennung ist nicht der Schluss zu ziehen, dass Markenzeichen nicht durch Rechte Dritter gesch\u00fctzt sind!<\/p>\n\n\n\n<p>Das Copyright f\u00fcr ver\u00f6ffentlichte, von der GUV selbst erstellte Objekte bleibt allein bei dieser. Eine Vervielf\u00e4ltigung oder Verwendung solcher Grafiken und Texte in anderen elektronischen oder gedruckten Publikationen ist ohne ausdr\u00fcckliche Zustimmung durch die GUV nicht gestattet.<\/p>\n\n\n\n<h3 class=\"wp-block-heading\">Hinweis zu externen Links<\/h3>\n\n\n\n<p>Die GUV ist f\u00fcr die &#8222;eigenen Inhalte&#8220; nach den allgemeinen Gesetzen verantwortlich. In dieser Internetpr\u00e4senz existieren Links auf von anderen Anbietern bereitgehaltene Inhalte.<\/p>\n\n\n\n<p>F\u00fcr alle fremden Inhalte, bis auf die von der GUV selbst erstellten verlinkten Inhalte weiterer Webangebote ist diese nicht verantwortlich und distanziert sich ausdr\u00fccklich von diesen.<\/p>\n\n\n\n<h3 class=\"wp-block-heading\">Hinweis zu m\u00f6glichen Rechtsverletzungen<\/h3>\n\n\n\n<p>Fremde Inhalte wurden von&nbsp; der GUV auf m\u00f6gliche Rechtsverletzungen in einem uns zumutbaren Umfang \u00fcberpr\u00fcft. Verletzungen von Urheber-, Marken- oder Pers\u00f6nlichkeitsrechten oder Verst\u00f6\u00dfe gegen das Wettbewerbsrecht auf den Webseiten von Drittanbietern waren nicht augenscheinlich und sind uns ebenso wenig bekannt wie eine dortige Erf\u00fcllung von Straftatbest\u00e4nden.<\/p>\n\n\n\n<p>Im Falle von Namensrecht-\/Domainstreitigkeiten bzw. Abmahnungen bitten wir darum, zur Vermeidung unn\u00f6tiger Rechtsstreitigkeiten und Kosten, uns bereits im Vorfeld zu kontaktieren. Die Kostennote einer anwaltlichen Abmahnung ohne vorhergehende Kontaktaufnahme wird im Sinne der Schadensminderungspflicht als unbegr\u00fcndet zur\u00fcckgewiesen.<\/p>\n\n\n\n<h3 class=\"wp-block-heading\">Rechtswirksamkeit<\/h3>\n\n\n\n<p>Sofern Teile oder einzelne Formulierungen dieses Textes der geltenden Rechtslage nicht, nicht mehr oder nicht vollst\u00e4ndig entsprechen sollten, bleiben die \u00fcbrigen Teile in ihrem Inhalt und ihrer G\u00fcltigkeit davon unber\u00fchrt.<\/p>\n\n\n\n<h3 class=\"wp-block-heading\">Datenschutzerkl\u00e4rung<\/h3>\n\n\n\n<p>Die Verwendung der Kontaktdaten des Impressums zur gewerblichen Werbung ist ausdr\u00fccklich&nbsp;<strong><em>nicht<\/em><\/strong>&nbsp;erw\u00fcnscht, es sei denn, die GUV hatte zuvor ihre schriftliche Einwilligung erteilt oder es besteht bereits eine Gesch\u00e4ftsbeziehung. Die GUV und alle auf dieser Website genannten Personen widersprechen hiermit jeder kommerziellen Verwendung und Weitergabe ihrer Daten.<\/p>\n\n\n\n<p>Bitte lesen Sie auch unbedingt unsere <a href=\"https:\/\/uentroper-vereine.canine-design.net\/index.php\/datenschutz\/\" data-type=\"page\" data-id=\"54\">Datenschutz<\/a>, um sich \u00fcber die geltenden Rechtsvorschriften der Dateschutz-Grundverordnung (DS-GVO) und des Budes-Datenschutzgesetzes (BDSG) zu informieren!<\/p>\n","protected":false},"excerpt":{"rendered":"<p>Eigent\u00fcmer der Internetpr\u00e4senz Gemeinschaft Uentroper VereineIm Giesendahl 1559071 Hamm (Stadtteil Uentrop)guv.uentrop@web.de Vertretungsberechtigte Personen Dirk H\u00fclsmannH\u00fclshoffstra\u00dfe 659071 HammTel.: +49 (0)2388 &#8211; 1772 Direktlink Ansprechpartner: Vorstand Verantwortlicher gem\u00e4\u00df \u00a7 55 Abs. 2 RStV Amt z.Zt. vakantE-Mail: guv.uentrop@web.de Inhalt der Internetpr\u00e4senz\/Haftungsbeschr\u00e4nkung Die Inhalte dieser Website werden mit gr\u00f6\u00dftm\u00f6glicher Sorgfalt erstellt. Die Gemeinschaft der Uentroper Vereine (im Folgenden GUV [&hellip;]<\/p>\n","protected":false},"author":1,"featured_media":0,"parent":0,"menu_order":0,"comment_status":"closed","ping_status":"closed","template":"","meta":{"saved_in_kubio":true,"footnotes":""},"class_list":["post-53","page","type-page","status-publish","hentry"],"kubio_ai_page_context":{"short_desc":"","purpose":"general"},"jetpack_sharing_enabled":true,"_links":{"self":[{"href":"https:\/\/uentroper-vereine.canine-design.net\/index.php\/wp-json\/wp\/v2\/pages\/53","targetHints":{"allow":["GET"]}}],"collection":[{"href":"https:\/\/uentroper-vereine.canine-design.net\/index.php\/wp-json\/wp\/v2\/pages"}],"about":[{"href":"https:\/\/uentroper-vereine.canine-design.net\/index.php\/wp-json\/wp\/v2\/types\/page"}],"author":[{"embeddable":true,"href":"https:\/\/uentroper-vereine.canine-design.net\/index.php\/wp-json\/wp\/v2\/users\/1"}],"replies":[{"embeddable":true,"href":"https:\/\/uentroper-vereine.canine-design.net\/index.php\/wp-json\/wp\/v2\/comments?post=53"}],"version-history":[{"count":4,"href":"https:\/\/uentroper-vereine.canine-design.net\/index.php\/wp-json\/wp\/v2\/pages\/53\/revisions"}],"predecessor-version":[{"id":210,"href":"https:\/\/uentroper-vereine.canine-design.net\/index.php\/wp-json\/wp\/v2\/pages\/53\/revisions\/210"}],"wp:attachment":[{"href":"https:\/\/uentroper-vereine.canine-design.net\/index.php\/wp-json\/wp\/v2\/media?parent=53"}],"curies":[{"name":"wp","href":"https:\/\/api.w.org\/{rel}","templated":true}]}}