{"id":25,"date":"2026-02-03T14:41:25","date_gmt":"2026-02-03T14:41:25","guid":{"rendered":"https:\/\/uentroper-vereine.canine-design.net\/?page_id=25"},"modified":"2026-02-05T08:49:57","modified_gmt":"2026-02-05T08:49:57","slug":"ffw-uentrop-haaren","status":"publish","type":"page","link":"https:\/\/uentroper-vereine.canine-design.net\/index.php\/vereine\/ffw-uentrop-haaren\/","title":{"rendered":"FFW Uentrop-Haaren"},"content":{"rendered":"\n<h1 class=\"wp-block-heading\">Feiwillige Feuerwehr Hamm, Einsatzbereich Uentrop-Haaren<\/h1>\n\n\n\n<p><strong>Einheitsf\u00fchrer:<br><br><\/strong>Frank M\u00fcller<br>M\u00fchlenstr. 52<br>59071 Hamm<br>Tel.: 02388-80 07 03<\/p>\n","protected":false},"excerpt":{"rendered":"<p>Feiwillige Feuerwehr Hamm, Einsatzbereich Uentrop-Haaren Einheitsf\u00fchrer: Frank M\u00fcllerM\u00fchlenstr. 5259071 HammTel.: 02388-80 07 03<\/p>\n","protected":false},"author":1,"featured_media":0,"parent":12,"menu_order":0,"comment_status":"closed","ping_status":"closed","template":"","meta":{"saved_in_kubio":false,"footnotes":""},"class_list":["post-25","page","type-page","status-publish","hentry"],"kubio_ai_page_context":{"short_desc":"","purpose":"general"},"jetpack_sharing_enabled":true,"_links":{"self":[{"href":"https:\/\/uentroper-vereine.canine-design.net\/index.php\/wp-json\/wp\/v2\/pages\/25","targetHints":{"allow":["GET"]}}],"collection":[{"href":"https:\/\/uentroper-vereine.canine-design.net\/index.php\/wp-json\/wp\/v2\/pages"}],"about":[{"href":"https:\/\/uentroper-vereine.canine-design.net\/index.php\/wp-json\/wp\/v2\/types\/page"}],"author":[{"embeddable":true,"href":"https:\/\/uentroper-vereine.canine-design.net\/index.php\/wp-json\/wp\/v2\/users\/1"}],"replies":[{"embeddable":true,"href":"https:\/\/uentroper-vereine.canine-design.net\/index.php\/wp-json\/wp\/v2\/comments?post=25"}],"version-history":[{"count":2,"href":"https:\/\/uentroper-vereine.canine-design.net\/index.php\/wp-json\/wp\/v2\/pages\/25\/revisions"}],"predecessor-version":[{"id":103,"href":"https:\/\/uentroper-vereine.canine-design.net\/index.php\/wp-json\/wp\/v2\/pages\/25\/revisions\/103"}],"up":[{"embeddable":true,"href":"https:\/\/uentroper-vereine.canine-design.net\/index.php\/wp-json\/wp\/v2\/pages\/12"}],"wp:attachment":[{"href":"https:\/\/uentroper-vereine.canine-design.net\/index.php\/wp-json\/wp\/v2\/media?parent=25"}],"curies":[{"name":"wp","href":"https:\/\/api.w.org\/{rel}","templated":true}]}}